{"id":242,"date":"2022-11-13T23:42:07","date_gmt":"2022-11-13T23:42:07","guid":{"rendered":"https:\/\/nsdap.world\/?page_id=242"},"modified":"2022-11-13T23:42:28","modified_gmt":"2022-11-13T23:42:28","slug":"i-nibelunghi-sigfrido-e-il-nazifascismo","status":"publish","type":"page","link":"https:\/\/nsdap.world\/index.php\/i-nibelunghi-sigfrido-e-il-nazifascismo\/","title":{"rendered":"I Nibelunghi, Sigfrido e il Nazifascismo"},"content":{"rendered":"\n<p>Il ciclo nordico e il cantare dei Nibelunghi, \u00e8 un poema che ha ispirato il nazifascismo, il quale si \u00e8 sviluppato, ideologicamente, raccogliendo l\u2019eredit\u00e0 culturale e storica dei popoli dell\u2019Europa settentrionale, rifacendosi alle leggende, nonch\u00e9 alla conoscenza esoterica, simbolica e tradizionale nord-europea, come alle leggende simboliche ed esoteriche dei Cavalieri della Tavola Rotonda.<\/p>\n\n\n\n<p>Il \u201cCantare dei Nibelunghi\u201d, racconta in particolare delle imprese eroiche del principe Sigfrido ed ebbe lunghi dal nome. I figli delle nebbie erano un popolo di nani che custodivano il tesoro del Reno. Parte di questo tesoro era un anello che aveva il potere di aumentare la ricchezza, ma portava anche sventura al suo possessore. La leggenda vuole che da qui avrebbe avuto origine la stirpe dei Burgundi, un\u2019antica trib\u00f9 germanica. L\u2019autore dell\u2019opera non \u00e8 conosciuto, ma probabilmente si trattava di una persona istruita e che conosceva molto bene la vita di corte e i poemi cavallereschi. Qui il testo originario dell\u2019opera \u00e8 andato perduto. Per questo la storia ci \u00e8 stata tramandata attraverso manoscritti. La lingua usata nel poema \u00e8 il tedesco antico, parlato nella Germania meridionale. Il poema comprende 8000 versi, raggruppati in quartine e suddivisi in 39 canti, detti avventure.<\/p>\n\n\n\n<p><\/p>\n\n\n\n<div class=\"wp-block-image\"><figure class=\"alignright size-full\"><img loading=\"lazy\" decoding=\"async\" width=\"320\" height=\"180\" src=\"https:\/\/nsdap.world\/wp-content\/uploads\/2022\/11\/Saga-dei-Nibelunghi-1-1.jpg\" alt=\"\" class=\"wp-image-243\" srcset=\"https:\/\/nsdap.world\/wp-content\/uploads\/2022\/11\/Saga-dei-Nibelunghi-1-1.jpg 320w, https:\/\/nsdap.world\/wp-content\/uploads\/2022\/11\/Saga-dei-Nibelunghi-1-1-300x169.jpg 300w\" sizes=\"auto, (max-width: 320px) 100vw, 320px\" \/><figcaption>Saga dei Nibelunghi &#8211; Sigfrido<\/figcaption><\/figure><\/div>\n\n\n\n<p><\/p>\n\n\n\n<p>L\u2019opera fu composta probabilmente in Germania o in Austria intorno al XIII secolo. Ma la vicenda \u00e8 ambientata nel V secolo dopo Cristo, nel regno dei Burgundi, popolazione che si era stanziata lungo il Reno e che tra il 436 e 437 fu sterminata dagli Unni di Attila. Ma adesso passiamo alla storia. Come abbiamo gi\u00e0 visto, i nove lunghi erano un popolo di nani che viveva sottoterra e che aveva accumulato enormi ricchezze. Chiunque si fosse impadronito del loro tesoro sarebbe diventato il pi\u00f9 potente del mondo, ma anche il pi\u00f9 sventurato. Solo Sigfrido riesce ad uccidere il drago e ad impossessarsi di tutte le sue ricchezze. Bagnandosi nel sangue del drago. Sigfrido diventa invulnerabile, tranne che per una piccola parte del suo corpo, dove si era posata una foglia di tiglio. Ma l\u2019opera comincia quando, tempo dopo, Sigfrido si reca alla corte dei Burgundi per chiedere la mano di Grimilde, sorella di re Gunther.<\/p>\n\n\n\n<p>Per poterla sposare, per\u00f2, Sigfrido accetta di aiutare Gunther a conquistare Brunilde, la regina di Islanda, che impone a tutti i suoi pretendenti delle terribili prove. Sigfrido cos\u00ec pu\u00f2 contare sulla sua grande potenza e aiuta Gunther a superare tutte le prove. Cos\u00ec finalmente il re sposa la terribile regina e Sigfrido pu\u00f2 sposare Grimilde. L\u2019inganno per\u00f2 viene scoperto dopo dieci anni, quando, durante una lite tra Grimilde e Brunilde, Grimilde svela tutta la verit\u00e0. Da quel momento la regina dei Burgundi incomincia a covare un forte desiderio di vendetta e decide di far uccidere Sigfrido dal suo vassallo Hagen, il quale riesce a farsi confidare da Grimilde. Qual \u00e8 il punto debole di Sigfrido che viene colpito dal perfido Vassallo proprio nell\u2019unico punto debole del suo corpo? Questo mi causer\u00e0 la morte. Cos\u00ec Hagen, insieme a Gunther, sottrae il tesoro dei Nibelunghi e lo nasconde nel fondo del fiume Reno. La seconda parte vede come protagonista Grimilde. La regina si \u00e8 risposata con Attila, re degli Unni, con l\u2019intenzione di servirsi del suo potere per vendicare la morte di Sigfrido e riappropriarsi del tesoro. Convince cos\u00ec Attila ad invitare nel suo palazzo parenti e amici burgundi. La vendetta si compie quando, durante il banchetto allestito a corte, la regina provoca una lite che degenera in un feroce combattimento fra i presenti.<\/p>\n\n\n\n<div class=\"wp-block-image\"><figure class=\"alignleft size-full is-resized\"><img loading=\"lazy\" decoding=\"async\" src=\"https:\/\/nsdap.world\/wp-content\/uploads\/2022\/11\/Saga-dei-Nibelunghi-2.webp\" alt=\"\" class=\"wp-image-167\" width=\"437\" height=\"324\" srcset=\"https:\/\/nsdap.world\/wp-content\/uploads\/2022\/11\/Saga-dei-Nibelunghi-2-485x360.webp 485w, https:\/\/nsdap.world\/wp-content\/uploads\/2022\/11\/Saga-dei-Nibelunghi-2-80x60.webp 80w\" sizes=\"auto, (max-width: 437px) 100vw, 437px\" \/><figcaption>Saga dei Nibelunghi<\/figcaption><\/figure><\/div>\n\n\n\n<p>Tutti i Burgundi vengono sterminati, a eccezione di Gunther e Hagen, che invece vengono fatti prigionieri e consegnati a Grimilde. La regina promette di risparmiarli soltanto in cambio della rivelazione di dove sia nascosto il tesoro. I due rifiutano e cos\u00ec vengono decapitati. Il nobile Ildebrando, maestro d\u2019armi di Teodorico, davanti a tanta crudelt\u00e0, decide di uccidere Grimilde. La strage dei Nibelunghi si conclude con tanta violenza. Ma siamo davanti a una storia o a una leggenda? La vicenda narrata nel poema prende spunto sicuramente da un dato storico, ovvero l\u2019eccidio dei Burgundi a opera degli Unni di Attila. La lotta tra il popolo dei Burgundi e quella degli Unni diventa una contesa familiare costruita su inganni, bugie e tradimenti. Ma nell\u2019opera c\u2019\u00e8 anche molto spazio alla leggenda.<\/p>\n\n\n\n<p>I personaggi, infatti, sono frutto della fantasia popolare e si muovono in un universo fantastico fatto di magia e figure mitologiche. Vediamo ora quali sono i temi e i valori del poema. I temi presenti nel cantare sono quelli tipici dell\u2019epica cavalleresca, ossia l\u2019onore, l\u2019amore, la magia e il coraggio. Questo poema, per\u00f2, \u00e8 anche la conferma di un mondo pagano, dove il comportamento degli uomini non \u00e8 ispirato. Da principi cristiani, ma segue sentimenti e passioni come la vendetta, l\u2019odio e la sete di potere. Passiamo al mito di Sigfrido nel tempo.<\/p>\n\n\n\n<p><\/p>\n\n\n\n<figure class=\"wp-block-image size-large\"><img loading=\"lazy\" decoding=\"async\" width=\"1024\" height=\"573\" src=\"https:\/\/nsdap.world\/wp-content\/uploads\/2022\/11\/Sigfrido-Swastika-1-1024x573.jpg\" alt=\"\" class=\"wp-image-169\" srcset=\"https:\/\/nsdap.world\/wp-content\/uploads\/2022\/11\/Sigfrido-Swastika-1-1024x573.jpg 1024w, https:\/\/nsdap.world\/wp-content\/uploads\/2022\/11\/Sigfrido-Swastika-1-300x168.jpg 300w, https:\/\/nsdap.world\/wp-content\/uploads\/2022\/11\/Sigfrido-Swastika-1-768x430.jpg 768w, https:\/\/nsdap.world\/wp-content\/uploads\/2022\/11\/Sigfrido-Swastika-1-1536x859.jpg 1536w, https:\/\/nsdap.world\/wp-content\/uploads\/2022\/11\/Sigfrido-Swastika-1-2048x1146.jpg 2048w, https:\/\/nsdap.world\/wp-content\/uploads\/2022\/11\/Sigfrido-Swastika-1-696x389.jpg 696w, https:\/\/nsdap.world\/wp-content\/uploads\/2022\/11\/Sigfrido-Swastika-1-1068x598.jpg 1068w, https:\/\/nsdap.world\/wp-content\/uploads\/2022\/11\/Sigfrido-Swastika-1-1920x1074.jpg 1920w, https:\/\/nsdap.world\/wp-content\/uploads\/2022\/11\/Sigfrido-Swastika-1-751x420.jpg 751w\" sizes=\"auto, (max-width: 1024px) 100vw, 1024px\" \/><\/figure>\n\n\n\n<p><\/p>\n\n\n\n<p>Secoli dopo la pubblicazione del cantare, la leggenda di Sigfrido e dei Nibelunghi \u00e8 stata anche riscritta da un noto compositore tedesco, Richard Wagner. La sua opera \u00e8 infatti intitolata L\u2019anello dei Nibelunghi. Comprende un ciclo di quattro drammi musicali dedicate alle imprese di Sigfrido e al Tesoro del Reno. Le avventure del leggendario principe sono state pi\u00f9 volte trattate anche dal cinema.<\/p>\n\n\n\n<p><\/p>\n\n\n\n<div class=\"wp-block-image\"><figure class=\"alignleft size-full\"><img loading=\"lazy\" decoding=\"async\" width=\"456\" height=\"505\" src=\"https:\/\/nsdap.world\/wp-content\/uploads\/2022\/11\/Castello-di-Welwersburg-2.jpg\" alt=\"\" class=\"wp-image-170\" srcset=\"https:\/\/nsdap.world\/wp-content\/uploads\/2022\/11\/Castello-di-Welwersburg-2.jpg 456w, https:\/\/nsdap.world\/wp-content\/uploads\/2022\/11\/Castello-di-Welwersburg-2-271x300.jpg 271w, https:\/\/nsdap.world\/wp-content\/uploads\/2022\/11\/Castello-di-Welwersburg-2-379x420.jpg 379w\" sizes=\"auto, (max-width: 456px) 100vw, 456px\" \/><figcaption>Castello di Welwersburg<br><\/figcaption><\/figure><\/div>\n\n\n\n<p><\/p>\n\n\n\n<p>Infatti, nel 1989 anche Walt Disney si \u00e8 ispirato alla saga dei Nibelunghi, realizzando una parodia di fumetti chiamata la trilogia di Paperino, Sigfrido e L\u2019oro del Reno. La figura di Sigfrido ha ispirato anche molti personaggi dei cartoni animati, come il personaggio di Orion del cartone I Cavalieri dello Zodiaco. Mentre oggi in Germania chi vuole rimettersi sulle tracce della saga dei Nibelunghi pu\u00f2 percorrere la strada di Sigfrido, ossia la strada dei Nibelunghi. Un itinerario di 300 chilometri nella valle del Reno.<\/p>\n\n\n\n<p><\/p>\n\n\n\n<p><\/p>\n\n\n\n<p><\/p>\n\n\n\n<p><\/p>\n\n\n\n<p><\/p>\n\n\n\n<p><\/p>\n\n\n\n<p><\/p>\n\n\n\n<p><\/p>\n\n\n\n<p><\/p>\n\n\n\n<div class=\"wp-block-image\"><figure class=\"aligncenter size-full\"><img loading=\"lazy\" decoding=\"async\" width=\"300\" height=\"406\" src=\"https:\/\/nsdap.world\/wp-content\/uploads\/2022\/11\/Castello-di-Welwersburg.jpg\" alt=\"\" class=\"wp-image-172\" srcset=\"https:\/\/nsdap.world\/wp-content\/uploads\/2022\/11\/Castello-di-Welwersburg.jpg 300w, https:\/\/nsdap.world\/wp-content\/uploads\/2022\/11\/Castello-di-Welwersburg-222x300.jpg 222w\" sizes=\"auto, (max-width: 300px) 100vw, 300px\" \/><figcaption>Castello di Welwersburg \u2013 Sala Rituale<\/figcaption><\/figure><\/div>\n","protected":false},"excerpt":{"rendered":"<p>Il ciclo nordico e il cantare dei Nibelunghi, \u00e8 un poema che ha ispirato il nazifascismo, il quale si \u00e8 sviluppato, ideologicamente, raccogliendo l\u2019eredit\u00e0 culturale e storica dei popoli dell\u2019Europa settentrionale, rifacendosi alle leggende, nonch\u00e9 alla conoscenza esoterica, simbolica e tradizionale nord-europea, come alle leggende simboliche ed esoteriche dei Cavalieri della Tavola Rotonda. Il \u201cCantare [&hellip;]<\/p>\n","protected":false},"author":2,"featured_media":166,"parent":0,"menu_order":0,"comment_status":"closed","ping_status":"closed","template":"page-pagebuilder-latest.php","meta":{"footnotes":""},"class_list":["post-242","page","type-page","status-publish","has-post-thumbnail"],"aioseo_notices":[],"_links":{"self":[{"href":"https:\/\/nsdap.world\/index.php\/wp-json\/wp\/v2\/pages\/242","targetHints":{"allow":["GET"]}}],"collection":[{"href":"https:\/\/nsdap.world\/index.php\/wp-json\/wp\/v2\/pages"}],"about":[{"href":"https:\/\/nsdap.world\/index.php\/wp-json\/wp\/v2\/types\/page"}],"author":[{"embeddable":true,"href":"https:\/\/nsdap.world\/index.php\/wp-json\/wp\/v2\/users\/2"}],"replies":[{"embeddable":true,"href":"https:\/\/nsdap.world\/index.php\/wp-json\/wp\/v2\/comments?post=242"}],"version-history":[{"count":1,"href":"https:\/\/nsdap.world\/index.php\/wp-json\/wp\/v2\/pages\/242\/revisions"}],"predecessor-version":[{"id":244,"href":"https:\/\/nsdap.world\/index.php\/wp-json\/wp\/v2\/pages\/242\/revisions\/244"}],"wp:featuredmedia":[{"embeddable":true,"href":"https:\/\/nsdap.world\/index.php\/wp-json\/wp\/v2\/media\/166"}],"wp:attachment":[{"href":"https:\/\/nsdap.world\/index.php\/wp-json\/wp\/v2\/media?parent=242"}],"curies":[{"name":"wp","href":"https:\/\/api.w.org\/{rel}","templated":true}]}}