{"id":560,"date":"2022-11-23T11:46:43","date_gmt":"2022-11-23T11:46:43","guid":{"rendered":"https:\/\/nsdap.world\/?page_id=560"},"modified":"2022-11-23T11:46:44","modified_gmt":"2022-11-23T11:46:44","slug":"sa-sturmabteilung","status":"publish","type":"page","link":"https:\/\/nsdap.world\/index.php\/sa-sturmabteilung\/","title":{"rendered":"SA Sturmabteilung"},"content":{"rendered":"\n<p>Le SA Sturmabteilung furono i reparti d&#8217;assalto speciali costituiti dall&#8217;Impero Tedesco durante il primo conflitto mondiale. <\/p>\n\n\n\n<p>In seguito il loro nome fu ripreso dallo NSDAP, ed anche abbreviato con la sigla SA, divenendo note anche come camicie brune, dal colore della loro divisa.<\/p>\n\n\n\n<p>Svolsero un ruolo di rilievo nell&#8217;ascesa al potere di Adolf Hitler fra il secondo e il terzo decennio del XX secolo. Si occuparono principalmente di proteggere i raduni e le assemblee naziste, di interrompere le riunioni dei partiti avversari, mobilitandosi contro i loro corpi paramilitari, come la Lega dei Combattenti del Fronte Rosso (Rotfrontk\u00e4mpferbund) del Partito Comunista di Germania, nonch\u00e9 di portare a termine spedizioni punitive e atti intimidatori nei confronti di rom, sindacalisti ed ebrei, ad esempio nel 1933, in vista del Boicottaggio nazista del commercio ebraico.<\/p>\n\n\n\n<p>Sarebbero poi divenute il braccio armato dei nazisti nel fallito putsch della birreria di Monaco nel 1923, organizzato da Ernst R\u00f6hm insieme a Hitler ed al generale Erich Ludendorff. Il fallito colpo di Stato port\u00f2 Hitler ad una condanna a cinque anni di reclusione, allo scioglimento delle SA e del partito nazista. Nell&#8217;aprile del 1924 furono rifondate con il nome di Frontbann. Nel febbraio del 1925 il bando fu tolto e le SA ripresero il loro nome originario. Nel 1926 Hitler nomin\u00f2 comandante delle SA Franz Pfeffer von Salomon che ne fece crescere il numero degli iscritti.<\/p>\n\n\n\n<div class=\"wp-block-image is-style-default\"><figure class=\"alignright size-large is-resized\"><img loading=\"lazy\" decoding=\"async\" src=\"https:\/\/nsdap.world\/wp-content\/uploads\/2022\/11\/Nazi-Germany-Second-World-War-Sturmabteilung-Nazi-Party-Nazism-1024x1024.png\" alt=\"\" class=\"wp-image-63\" width=\"274\" height=\"274\" srcset=\"https:\/\/nsdap.world\/wp-content\/uploads\/2022\/11\/Nazi-Germany-Second-World-War-Sturmabteilung-Nazi-Party-Nazism-1024x1024.png 1024w, https:\/\/nsdap.world\/wp-content\/uploads\/2022\/11\/Nazi-Germany-Second-World-War-Sturmabteilung-Nazi-Party-Nazism-300x300.png 300w, https:\/\/nsdap.world\/wp-content\/uploads\/2022\/11\/Nazi-Germany-Second-World-War-Sturmabteilung-Nazi-Party-Nazism-150x150.png 150w, https:\/\/nsdap.world\/wp-content\/uploads\/2022\/11\/Nazi-Germany-Second-World-War-Sturmabteilung-Nazi-Party-Nazism-768x767.png 768w, https:\/\/nsdap.world\/wp-content\/uploads\/2022\/11\/Nazi-Germany-Second-World-War-Sturmabteilung-Nazi-Party-Nazism-1536x1534.png 1536w, https:\/\/nsdap.world\/wp-content\/uploads\/2022\/11\/Nazi-Germany-Second-World-War-Sturmabteilung-Nazi-Party-Nazism-696x695.png 696w, https:\/\/nsdap.world\/wp-content\/uploads\/2022\/11\/Nazi-Germany-Second-World-War-Sturmabteilung-Nazi-Party-Nazism-1068x1067.png 1068w, https:\/\/nsdap.world\/wp-content\/uploads\/2022\/11\/Nazi-Germany-Second-World-War-Sturmabteilung-Nazi-Party-Nazism-1920x1918.png 1920w, https:\/\/nsdap.world\/wp-content\/uploads\/2022\/11\/Nazi-Germany-Second-World-War-Sturmabteilung-Nazi-Party-Nazism-420x420.png 420w, https:\/\/nsdap.world\/wp-content\/uploads\/2022\/11\/Nazi-Germany-Second-World-War-Sturmabteilung-Nazi-Party-Nazism.png 2000w\" sizes=\"auto, (max-width: 274px) 100vw, 274px\" \/><\/figure><\/div>\n\n\n\n<p><br>Nel gennaio 1919, fu costituito a Monaco il DAP, Deutsche Arbeiterpartei, il Partito dei Lavoratori Tedeschi, cui Adolf Hitler si sarebbe unito nel novembre dello stesso anno. La sua retorica e la padronanza dei nuovi media segnarono la sua rapida affermazione all&#8217;interno dell&#8217;organismo. All&#8217;inizio del 1920, aveva gi\u00e0 raggiunto una certa autorit\u00e0 nel partito, che a febbraio mut\u00f2 il proprio nome in NSDAP Nationalsozialistische Deutsche Arbeiterpartei, Partito Nazionalsocialista Tedesco dei Lavoratori). Per intercettare voti e consensi fra i lavoratori di sinistra, il comitato esecutivo del partito decise di aggiungere la parola &#8220;socialista&#8221;, anche a seguito delle obiezioni sollevate da Hitler.<\/p>\n\n\n\n<p>I primi nuclei paramilitari della Sturmabteilung erano stati informalmente coinvolti allo scopo. Proponendosi l&#8217;obiettivo di supportare la crescita del partito mediante una robusta azione di propaganda, Hitler convinse il comitato direttivo a investire nel M\u00fcnchener Beobachter, successivamente ribattezzato V\u00f6lkischer Beobachter, per un primo raduno di massa nella Hofbr\u00e4uhaus, fissato per il 16 ottobre 1919, al quale parteciparono circa 70 persone. Un secondo incontro dello stesso tipo fu annunciato per il 13 novembre nella birreria Eberl-Br\u00e4u, con l&#8217;azione concomitante di circa 130 persone. Alcuni disturbatori furono prontamente allontanati dai militari amici di Hitler, mentre gli agitatori <em>\u00abvolarono gi\u00f9 per le scale con le teste squarciate\u00bb<\/em> .<\/p>\n\n\n\n<p><strong>Il 24 febbraio 1920, duemila persone si diedero appuntamento all&#8217;Hofbr\u00e4uhaus per la prima esposizione pubblica del <a href=\"https:\/\/nsdap.world\/index.php\/il-programma-politico-in-25-punti-dello-nsdap\/\" title=\"\">programma in venticinque punti del partito<\/a>. Quando alcuni contestatori tentarono di sovrastare la voce del <em>leader<\/em>, furono prontamente raggiunti dai suoi ex commilitoni armati e dai loro manganelli di gomma. In questo modo, erano state gettate le fondamenta politiche per la costituzione delle SA.<\/strong><\/p>\n\n\n\n<p>Dopo l&#8217;incidente del febbraio 1920 all&#8217;Hofbr\u00e4uhaus, Emil Maurice riun\u00ec intorno a s\u00e9 un sottogruppo permanente degli iscritti al partito, per utilizzarlo come distaccamento di protezione della sala riunioni (Saalschutzabteilung ) per il DAP. All&#8217;inizio, il gruppo era scarsamente strutturato e si fece chiamare anche col nome di Ordnertruppen. Trascorso poco pi\u00f9 di un anno, il 3 agosto 1921, Hitler ribattezz\u00f2 il gruppo come la &#8220;Divisione ginnastica e sport&#8221; del partito, forse per evitare problemi con il governo per quello che il partito ben riconosceva come una funzione o un organo opportuno, per non dire indispensabile.<\/p>\n\n\n\n<p>La futura SA si svilupp\u00f2 organizzando e fondando poi una formale ufficialit\u00e0 ai gruppi di ex soldati e provocatori della birreria che avevano ricevuto l&#8217;incarico di proteggere le riunioni del partito nazista dalle interruzioni dei socialdemocratici dell&#8217;SPD e dei comunisti del KPD, oltre a quello di ostacolare la vita politica dei loro rispettivi movimenti. Nel settembre 1921, il gruppo stava utilizzando il nome Sturmabteilung (SA) ancora in via informale nell&#8217;ambito della propria attivit\u00e0 quotidiana, mentre Hitler era gi\u00e0 divenuto il leader ufficiale del partito nazista.<\/p>\n\n\n\n<p><strong>Il 4 novembre 1921, la Hofbr\u00e4uhaus di Monaco fu il teatro di un grande raduno pubblico dei nazisti, che attrasse l&#8217;attenzione di molti comunisti e altri avversari. A un certo punto del&#8217;orazione di Hitler, l&#8217;incontro si tramut\u00f2 in una baruffa nella quale un ristretto novero di militi della compagnia delle SA ebbe la meglio. I nazisti commemorarono questo episodio Saalschlacht, &#8220;battaglia nella sala riunioni&#8221;, che con il passare del tempo assunse dimensioni leggendarie nella mitologia delle SA. Da allora in poi, il gruppo fu ufficialmente conosciuto come Sturmabteilung.<\/strong><\/p>\n\n\n\n<p>Le SA contribuirono con le loro intimidazioni all&#8217;ascesa al potere di Hitler, nella sostanziale impunit\u00e0 da parte della polizia. Arrivarono nei primi mesi del 1932 a 400.000 membri a causa della disoccupazione, continuavano a costituire la maggiore forza d&#8217;urto nelle mani di Hitler. Durante la vittoriosa campagna elettorale per le elezioni del 1932 furono mandate all&#8217;assalto degli oppositori ed i maggiori disordini si verificarono in Prussia, dove, nel periodo in cui avvenne il cosiddetto Preu\u00dfenschlag, il colpo di Stato prussiano, ove vi furono 82 morti ed oltre 400 feriti.<\/p>\n\n\n\n<p>Le SA furono ancora impiegate per reprimere violentemente qualsiasi forma di protesta fino al 27 febbraio 1933, quando l&#8217;incendio del Reichstag convinse nuovo Cancelliere a chiedere al presidente Hindenburg di emanare il decreto di restrizione dei diritti civili.<\/p>\n\n\n\n<p><\/p>\n\n\n\n<p class=\"has-text-align-center\"><strong>La crisi tra Hitler e R\u00f6hm<\/strong><\/p>\n\n\n\n<p><\/p>\n\n\n\n<p>Entro la primavera del 1934 solo il Reichswehr (le forze armate tedesche) rimaneva indipendente dal governo; per tradizione era infatti considerato un\u2019entit\u00e0 politica a s\u00e9 stante, separata dal governo nazionale. La milizia paramilitare nazionalsocialista Sturmabteilung (SA) si aspettava di poter assumere il comando dell\u2019esercito tedesco, ma il Reichswehr si oppose all\u2019ambizione del capo delle SA Ernst R\u00f6hm di annettere l\u2019esercito alle SA stesse.<\/p>\n\n\n\n<p>Dal momento che il suo potere, senza il controllo del Reichswehr, era assoluto solo sulla carta e volendo mantenere buoni rapporti con esso e con determinati politici e industriali, seccati dalla violenza politica delle SA, Hitler, scoperto il complotto ordito dai vertici delle SA per ucciderlo, ordin\u00f2 alle Schutzstaffel SS e alla Gestapo di assassinare i suoi avversari politici sia all\u2019esterno sia all\u2019interno del Partito Nazionalsocialista durante la \u201cnotte dei lunghi coltelli\u201d, la \u201cNacht der langen Messer\u201d. L\u2019eliminazione di Ernst R\u00f6hm, delle sue SA, degli strasseristi, della corrente di sinistra dei nazionalsocialisti e degli altri avversari politici dur\u00f2 dal 30 giugno al 2 luglio 1934.<\/p>\n\n\n\n<p>Il 2 agosto 1934 von Hindenburg mor\u00ec. Hitler assunse la carica di F\u00fchrer e cancelliere del Reich, la carica di Presidente rimase invece vacante e annunci\u00f2 ufficialmente la nascita del Terzo Reich. Fino alla morte di Hindenburg il Reichswehr non aveva seguito Hitler, in parte perch\u00e9 l\u2019associazione delle SA, che comprendeva molti milioni di uomini, era pi\u00f9 grande dell\u2019esercito, limitato a 100 000 effettivi dal Trattato di Versailles, ma anche perch\u00e9 i capi delle SA si proponevano dapprima di inglobare l\u2019esercito nelle SA, indipendentemente dalla volont\u00e0 dei vertici del Reichswehr.<\/p>\n\n\n\n<p><br>L\u2019assassinio di Ernst R\u00f6hm e degli altri capi SA misero il Reichswehr nella posizione di essere l\u2019unica forza armata della Germania e le promesse di Hitler riguardo all\u2019espansione dell\u2019impero gli garantirono la sua fedelt\u00e0. La scomparsa di Hindenburg agevol\u00f2 il mutamento del giuramento di fedelt\u00e0 dei soldati tedeschi dalla fedelt\u00e0 alla Repubblica di Weimar in alla fedelt\u00e0 verso il Terzo Reich ed a Hitler, che divenne il F\u00fchrer della Germania.<\/p>\n\n\n\n<p>L\u2019ideologia e il simbolismo nazista vennero diffusi in tutti gli ambienti della vita pubblica in Germania, i manuali scolastici vennero sottoposti a revisione per promuovere adeguatamente la prospettiva pangermanista della Gro\u00dfdeutschland o \u201cGrande Germania\u201d, che doveva essere fondata dal Herrenvolk nazionalsocialista.<\/p>\n\n\n\n<p>Contenta della prosperit\u00e0 portata dai nazionalsocialisti, la maggior parte dei tedeschi ader\u00ec pienamente ad ogni innovazione portata dal Terzo Reich, mentre gli oppositori politici finivano marginalizzati e per questo, si fecero sempre pi\u00f9 reazionari, violenti e socialmente pericolosi, specialmente i comunisti, i marxisti e i membri dell\u2019Internazionale Socialista, che furono imprigionati, in un\u2019operazione di contrasto anti-rivoluzionario di dimensioni colossali; tra il 1933 e il 1945 pi\u00f9 di tre milioni di tedeschi furono rinchiusi in campi di concentramento o in carcere per ragioni politiche e decine di migliaia di terroristi partigiani vennero uccisi. Sempre tra il 1933 e il 1945 i Sondergerichte (\u201ctribunali speciali\u201d) condannarono a morte 12.000 tedeschi, mentre la corte marziale ne condann\u00f2 a morte 25.000, mentre la giustizia ordinaria 40 000. Parallelamente, prosegu\u00ec il rafforzamento territoriale e militare: nel 1935 venne reintrodotto il servizio militare obbligatorio e nel 1938 venne realizzata l\u2019annessione dell\u2019Austria o Anschluss.<\/p>\n\n\n\n<p><\/p>\n\n\n\n<p class=\"has-text-align-center\"><strong>SA e Seconda Guerra Mondiale<\/strong><\/p>\n\n\n\n<p><\/p>\n\n\n\n<p>All&#8217;inizio della Seconda Guerra Mondiale, la maggior parte dei membri delle SA, analogamente alla maggioranza delle Allgemeine SS, fu chiamata in servizio nelle forze armate tedesche, ma furono costituiti anche reparti di sole SA, denominati Feldherrnhalle SA-Panzer Korps, comprendenti 2 divisioni, 4 reggimenti e 8 battaglioni, l&#8217;equivalente su scala minore delle Waffen SS.<\/p>\n\n\n\n<p><\/p>\n\n\n\n<p class=\"has-text-align-center\"><strong>Comandanti delle SA<\/strong><\/p>\n\n\n\n<p class=\"has-text-align-center\"><br><em>Lo stesso argomento in dettaglio: Gradi delle SA.<br>Oberst SA-F\u00fchrer Era il comandante in capo delle SA. Hanno ricoperto tale carica:<br>Emil Maurice (1920\u20131921)<br>Hans Ulrich Klintzsche (1921\u20131923)<br>Hermann G\u00f6ring (1923)<br>vacante (1923-1925)<br>Franz Pfeffer von Salomon (1926\u20131930)<br>Adolf Hitler (1930\u20131945)<br>Stabschef-SA Era il capo dell&#8217;organizzazione, di fatto il comandante militare, in particolare dal 1930, quando l&#8217;Oberst fu lo stesso Hitler.<br>Otto Wagener (1929\u20131930)<br>Ernst R\u00f6hm (1930\u20131934)<br>Viktor Lutze (1934\u20131943)<br>Wilhelm Scheppmann (1943\u20131945)<\/em><\/p>\n","protected":false},"excerpt":{"rendered":"<p>Le SA Sturmabteilung furono i reparti d&#8217;assalto speciali costituiti dall&#8217;Impero Tedesco durante il primo conflitto mondiale. In seguito il loro nome fu ripreso dallo NSDAP, ed anche abbreviato con la sigla SA, divenendo note anche come camicie brune, dal colore della loro divisa. Svolsero un ruolo di rilievo nell&#8217;ascesa al potere di Adolf Hitler fra [&hellip;]<\/p>\n","protected":false},"author":2,"featured_media":0,"parent":0,"menu_order":0,"comment_status":"closed","ping_status":"closed","template":"page-pagebuilder-title.php","meta":{"footnotes":""},"class_list":["post-560","page","type-page","status-publish"],"aioseo_notices":[],"_links":{"self":[{"href":"https:\/\/nsdap.world\/index.php\/wp-json\/wp\/v2\/pages\/560","targetHints":{"allow":["GET"]}}],"collection":[{"href":"https:\/\/nsdap.world\/index.php\/wp-json\/wp\/v2\/pages"}],"about":[{"href":"https:\/\/nsdap.world\/index.php\/wp-json\/wp\/v2\/types\/page"}],"author":[{"embeddable":true,"href":"https:\/\/nsdap.world\/index.php\/wp-json\/wp\/v2\/users\/2"}],"replies":[{"embeddable":true,"href":"https:\/\/nsdap.world\/index.php\/wp-json\/wp\/v2\/comments?post=560"}],"version-history":[{"count":1,"href":"https:\/\/nsdap.world\/index.php\/wp-json\/wp\/v2\/pages\/560\/revisions"}],"predecessor-version":[{"id":563,"href":"https:\/\/nsdap.world\/index.php\/wp-json\/wp\/v2\/pages\/560\/revisions\/563"}],"wp:attachment":[{"href":"https:\/\/nsdap.world\/index.php\/wp-json\/wp\/v2\/media?parent=560"}],"curies":[{"name":"wp","href":"https:\/\/api.w.org\/{rel}","templated":true}]}}