{"id":71,"date":"2022-11-09T23:31:45","date_gmt":"2022-11-09T23:31:45","guid":{"rendered":"https:\/\/nsdap.world\/?page_id=71"},"modified":"2022-11-16T20:16:17","modified_gmt":"2022-11-16T20:16:17","slug":"la-gioventu-hitleriana","status":"publish","type":"page","link":"https:\/\/nsdap.world\/index.php\/la-gioventu-hitleriana\/","title":{"rendered":"La Giovent\u00f9 Hitleriana"},"content":{"rendered":"\n<p>La Giovent\u00f9 Hitleriana fu un&#8217;organizzazione giovanile fondata dal Partito Nazionalsocialista dei Lavoratori Tedeschi nel 1926 per accogliere i giovani, a partire dai 10 anni, e prepararli a divenire sani e capaci cittadini, attraverso un sistema di addestramento fisico, ma anche militare e paramilitare.<\/p>\n\n\n\n<p>Lo sviluppo della Giovent\u00f9 hitleriana si inser\u00ec nel quadro del vasto processo di Gleichschaltung inteso come \u00aballineamento\u00bb del popolo tedesco al \u00abnuovo ordine\u00bb. Il suo motto era Blut und Ehre, &#8220;sangue e onore&#8221;.<\/p>\n\n\n\n<p><br>La Giovent\u00f9 hitleriana prese vita dal Jugendbund der NSDAP (JdN), fondato nel marzo 1922 e riunitosi per la prima volta nel maggio dello stesso anno. Era riservato ai ragazzi dai 14 ai 18 anni. I ragazzi dai 14 ai 16 anni erano raggruppati come Jungmannschaften, mentre i pi\u00f9 vecchi erano parte del Jungsturm Adolf Hitler. L&#8217;organizzazione era supervisionata dalle SA e fu inizialmente guidata da Adolf Lenk.<\/p>\n\n\n\n<p>La JdN collass\u00f2 dopo il fallito colpo di stato del 1923, durante l&#8217;imprigionamento di Hitler. Vennero fondati diversi gruppi giovanili locali per riempirne il vuoto, come la Gro\u00dfdeutsche Jugendbewegung di Lenk e Kurt Gruber o la Schilljugend, organizzata sia in Austria sia in Germania. Nel 1926 la Gro\u00dfdeutsche Jugendbewegung di Gruber venne rinominata come Hitler-Jugend, Bund Deutscher Arbeiterjugend (Confederazione della giovent\u00f9 operaia tedesca) con Gruber come nuovo leader, che venne presto rimpiazzato da Franz Pfeffer.<\/p>\n\n\n\n<div class=\"wp-block-image\"><figure class=\"alignright size-large is-resized\"><img loading=\"lazy\" decoding=\"async\" src=\"https:\/\/nsdap.world\/wp-content\/uploads\/2022\/11\/Jungvolk-552x1024.png\" alt=\"\" class=\"wp-image-59\" width=\"167\" height=\"310\" srcset=\"https:\/\/nsdap.world\/wp-content\/uploads\/2022\/11\/Jungvolk-552x1024.png 552w, https:\/\/nsdap.world\/wp-content\/uploads\/2022\/11\/Jungvolk-162x300.png 162w, https:\/\/nsdap.world\/wp-content\/uploads\/2022\/11\/Jungvolk-768x1424.png 768w, https:\/\/nsdap.world\/wp-content\/uploads\/2022\/11\/Jungvolk-828x1536.png 828w, https:\/\/nsdap.world\/wp-content\/uploads\/2022\/11\/Jungvolk-1104x2048.png 1104w, https:\/\/nsdap.world\/wp-content\/uploads\/2022\/11\/Jungvolk-696x1291.png 696w, https:\/\/nsdap.world\/wp-content\/uploads\/2022\/11\/Jungvolk-1068x1981.png 1068w, https:\/\/nsdap.world\/wp-content\/uploads\/2022\/11\/Jungvolk-1920x3561.png 1920w, https:\/\/nsdap.world\/wp-content\/uploads\/2022\/11\/Jungvolk-226x420.png 226w, https:\/\/nsdap.world\/wp-content\/uploads\/2022\/11\/Jungvolk.png 2000w\" sizes=\"auto, (max-width: 167px) 100vw, 167px\" \/><\/figure><\/div>\n\n\n\n<p><br>Nel 1928 la Giovent\u00f9 hitleriana aggiunse una sezione per i ragazzi dai 10 ai 14 anni, inizialmente denominata Deutsche Knabenschaft, nel 1931 rinominata in Deutsches Jungvolk in der Hitler-Jugend. La Schwesternschaft der Hitler-Jugend era una sezione femminile per ragazze dai 14 ai 18 anni, creata nel 1929, poi rinominata Bund Deutscher M\u00e4del (BDM) nel 1930, mentre la Jungm\u00e4dchengruppen, sezione per ragazze pi\u00f9 giovani, fu aggiunta nel 1931, poi chiamata Jungm\u00e4delbund.<\/p>\n\n\n\n<p><br>Nel 1931 venne istituito un nuovo ruolo, Reichsjugendf\u00fchrer, e Baldur von Schirach prese il controllo della Giovent\u00f9 hitleriana, del National-Sozialistischer Sch\u00fclerbund (NSS) e del National-Sozialistischer Deutscher Studentenbund (NSDSt.B). Subordinato a quest&#8217;ultimo, Adrian von Renteln venne nominato comandante della Giovent\u00f9 hitleriana e sotto la sua guida i membri salirono a 100.000. Von Renteln fu attivo nell&#8217;epurare la dirigenza dalle persone &#8216;non adatte&#8217;; ad ogni modo, nel 1932, quando la NSS si fuse con la HJ, l&#8217;incarico di von Renteln venne assorbito da von Schirach. La Giovent\u00f9 hitleriana venne resa indipendente dalle SA nel maggio 1932, ma entrambi i gruppi vennero messi al bando dal governo di Weimar in giugno.<\/p>\n\n\n\n<p>A seguito della presa del potere da parte dei nazisti, gli altri gruppi giovanili di destra vennero assorbiti nella Giovent\u00f9 hitleriana, che cos\u00ec raggiunse i cinque milioni di membri. A partire dal 1\u00ba dicembre 1936, sotto la Jugenddienstpflicht tutti gli altri gruppi giovanili vennero banditi e i loro membri dovettero associarsi alla Giovent\u00f9 hitleriana. L&#8217;appartenenza alla HJ venne resa obbligatoria per i giovani di et\u00e0 superiore a 14 anni nel 1939. La coscrizione diventer\u00e0 poi obbligatoria sin dal compimento del decimo anno nel 1941. Von Schirach venne rimpiazzato da Artur Axmann nel 1940. Secondo il Gesetz \u00fcber die Hitlerjugend, emendato il 6 marzo 1939, la coscrizione obbligatoria avveniva in questo modo:<\/p>\n\n\n\n<p><\/p>\n\n\n\n<p><\/p>\n\n\n\n<p class=\"has-text-align-center\"><strong>Ragazzi di et\u00e0 compresa tra 10 a 14 anni nel Deutschen Jungvolk (DJ)<\/strong><\/p>\n\n\n\n<p class=\"has-text-align-center\"><strong><br>Ragazzi di et\u00e0 compresa tra 14 e 18 anni nella Hitler-Jugend (HJ)<\/strong><\/p>\n\n\n\n<p class=\"has-text-align-center\"><strong><br>Le ragazze di et\u00e0 compresa tra 10 a 14 anni nel Jungm\u00e4delbund (JM)<\/strong><\/p>\n\n\n\n<p class=\"has-text-align-center\"><strong><br>Le ragazze di et\u00e0 compresa tra 14 e 18 anni nella Bund Deutscher M\u00e4del (BDM)<\/strong><br><\/p>\n\n\n\n<p><\/p>\n\n\n\n<p>Con il procedere della guerra, il gruppo assunse funzioni militari, gestendo le difese antiaeree e fornendo all&#8217;esercito molti soldati, specialmente per le Waffen-SS, in particolare la 12\u00aa SS-Panzerdivision &#8220;Hitlerjugend&#8221; sotto il comando di Kurt Meyer, in cui vennero arruolati tutti i membri della Hitlerjugend nati nel 1926.<\/p>\n\n\n\n<p>Durante l&#8217;invasione della Germania, vennero arruolati nell&#8217;esercito membri della Giovent\u00f9 hitleriana sempre pi\u00f9 giovani che, durante la battaglia di Berlino nel 1945, costituivano grossa parte delle difese tedesche. La Giovent\u00f9 hitleriana combatt\u00e9 con grande ardore nazionalistico durante la battaglia finale.<\/p>\n\n\n\n<p>Tra i giovanissimi iscritti per legge alla Hitlerjugend figurarono l&#8217;artista Joseph Beuys e il futuro pontefice Joseph Ratzinger.<\/p>\n\n\n\n<div class=\"wp-block-image\"><figure class=\"alignright size-full is-resized\"><img loading=\"lazy\" decoding=\"async\" src=\"https:\/\/nsdap.world\/wp-content\/uploads\/2022\/11\/Der-Deutsche-Student.jpg\" alt=\"\" class=\"wp-image-396\" width=\"283\" height=\"400\" srcset=\"https:\/\/nsdap.world\/wp-content\/uploads\/2022\/11\/Der-Deutsche-Student.jpg 500w, https:\/\/nsdap.world\/wp-content\/uploads\/2022\/11\/Der-Deutsche-Student-212x300.jpg 212w, https:\/\/nsdap.world\/wp-content\/uploads\/2022\/11\/Der-Deutsche-Student-297x420.jpg 297w\" sizes=\"auto, (max-width: 283px) 100vw, 283px\" \/><\/figure><\/div>\n\n\n\n<p>Verso la fine della guerra, vi furono iscritti anche ragazzi italiani figli di tedeschi residenti in Italia, alcuni dei quali vennero poi mandati al fronte in Russia, in giovanissima et\u00e0.<\/p>\n\n\n\n<p>Dopo la &#8220;presa del potere&#8221; (il 30 gennaio 1933) il partito nazista proclam\u00f2 la HJ l&#8217;unica organizzazione giovanile nel Terzo Reich. Oltre che in famiglia e a scuola l&#8217;intera giovent\u00f9 tedesca dovette essere educata nella HJ &#8220;al servizio del popolo e della comunit\u00e0 popolare&#8221;. La HJ cerc\u00f2 di sopprimere tutte le leghe politiche, confessionali, confederate o autonome della giovent\u00f9, persino la giovent\u00f9 sportiva e il lavoro per la giovent\u00f9 delle associazioni professionali. Verso la fine della Repubblica di Weimar si contavano circa da 5 a 6 milioni di membri nelle organizzazioni giovanili.<\/p>\n\n\n\n<p>Il 5 aprile 1933 Schirach fece occupare da un gruppo della HJ l&#8217;ufficio del comitato centrale tedesco di tutte le istituzioni e organizzazioni della giovent\u00f9; il presidente del comitato, il generale Vogt, si affrett\u00f2 a rimettere il suo carico nelle mani del &#8220;Reichsjugendf\u00fchrer&#8221;. La HJ guadagn\u00f2 tutto il materiale importante per conoscere esattamente i &#8220;nemici&#8221;: nomi dei membri delle dirigenze ed i loro indirizzi, statistiche etc.<\/p>\n\n\n\n<p>Pochi giorni dopo questo colpo di mano, Schirach escluse le organizzazioni ebree e socialiste; al tempo stesso furono vietate con i partiti politici anche le loro leghe giovanili. I gruppi della Destra (per esempio la &#8220;Bismarck-Jugend&#8221;) entrarono in blocco nella HJ. L&#8217;adesione poteva avvenire anche a livello personale.<\/p>\n\n\n\n<p><\/p>\n\n\n\n<p class=\"has-text-align-center\"><strong>Durante la II Guerra Mondiale<\/strong><\/p>\n\n\n\n<p><br>Con lo scoppio della seconda guerra mondiale, la Giovent\u00f9 Hitleriana assunse una maggiore connotazione paramilitare, a presidio di innumerevoli citt\u00e0 tedesche assieme alle truppe regolari. Tra i loro compiti principali vi era soprattutto quello di aiutare la popolazione durante i bombardamenti alleati. In aggiunta, la Giovent\u00f9 hitleriana prest\u00f2 servizio presso le Poste del Reich, nel servizio ferroviario nazionale ed all&#8217;interno di numerosi uffici amministrativi statali.<\/p>\n\n\n\n<p>A partire dal 1943, con l&#8217;aggravarsi della situazione bellica ed a seguito dell&#8217;altissimo numero di perdite umane nelle file dell&#8217;esercito tedesco, la Giovent\u00f9 hitleriana divenne parte integrale della Riserva militare tedesca. L&#8217;idea di creare delle divisioni militari formate da appartenenti alla Giovent\u00f9 hitleriana era nata per la prima volta nel 1926, ma fu soltanto la necessit\u00e0 di uomini a far diventare effettivo questo progetto, il quale fu approvato dallo stesso Hitler nel febbraio del 1943.<\/p>\n\n\n\n<p>Nel 1944 circa 20.000 ragazzi della Giovent\u00f9 presero parte alla battaglia di Normandia, integrati presso la 12a SS-Panzer-Division &#8220;Hitlerjugend&#8221;.<\/p>\n\n\n\n<div class=\"wp-block-image\"><figure class=\"aligncenter size-full\"><img loading=\"lazy\" decoding=\"async\" width=\"636\" height=\"411\" src=\"https:\/\/nsdap.world\/wp-content\/uploads\/2022\/11\/Hitler-Congress-2.jpg.webp\" alt=\"\" class=\"wp-image-397\" srcset=\"https:\/\/nsdap.world\/wp-content\/uploads\/2022\/11\/Hitler-Congress-2.jpg.webp 636w, https:\/\/nsdap.world\/wp-content\/uploads\/2022\/11\/Hitler-Congress-2.jpg-300x194.webp 300w\" sizes=\"auto, (max-width: 636px) 100vw, 636px\" \/><\/figure><\/div>\n","protected":false},"excerpt":{"rendered":"<p>La Giovent\u00f9 Hitleriana fu un&#8217;organizzazione giovanile fondata dal Partito Nazionalsocialista dei Lavoratori Tedeschi nel 1926 per accogliere i giovani, a partire dai 10 anni, e prepararli a divenire sani e capaci cittadini, attraverso un sistema di addestramento fisico, ma anche militare e paramilitare. Lo sviluppo della Giovent\u00f9 hitleriana si inser\u00ec nel quadro del vasto processo [&hellip;]<\/p>\n","protected":false},"author":2,"featured_media":0,"parent":0,"menu_order":0,"comment_status":"closed","ping_status":"closed","template":"page-pagebuilder-title.php","meta":{"footnotes":""},"class_list":["post-71","page","type-page","status-publish"],"aioseo_notices":[],"_links":{"self":[{"href":"https:\/\/nsdap.world\/index.php\/wp-json\/wp\/v2\/pages\/71","targetHints":{"allow":["GET"]}}],"collection":[{"href":"https:\/\/nsdap.world\/index.php\/wp-json\/wp\/v2\/pages"}],"about":[{"href":"https:\/\/nsdap.world\/index.php\/wp-json\/wp\/v2\/types\/page"}],"author":[{"embeddable":true,"href":"https:\/\/nsdap.world\/index.php\/wp-json\/wp\/v2\/users\/2"}],"replies":[{"embeddable":true,"href":"https:\/\/nsdap.world\/index.php\/wp-json\/wp\/v2\/comments?post=71"}],"version-history":[{"count":10,"href":"https:\/\/nsdap.world\/index.php\/wp-json\/wp\/v2\/pages\/71\/revisions"}],"predecessor-version":[{"id":399,"href":"https:\/\/nsdap.world\/index.php\/wp-json\/wp\/v2\/pages\/71\/revisions\/399"}],"wp:attachment":[{"href":"https:\/\/nsdap.world\/index.php\/wp-json\/wp\/v2\/media?parent=71"}],"curies":[{"name":"wp","href":"https:\/\/api.w.org\/{rel}","templated":true}]}}