{"id":95,"date":"2022-11-10T17:40:14","date_gmt":"2022-11-10T17:40:14","guid":{"rendered":"https:\/\/nsdap.world\/?page_id=95"},"modified":"2022-12-03T03:05:39","modified_gmt":"2022-12-03T02:05:39","slug":"cose-il-nazionalsocialismo","status":"publish","type":"page","link":"https:\/\/nsdap.world\/index.php\/cose-il-nazionalsocialismo\/","title":{"rendered":"Cos&#8217;\u00e8 il Nazionalsocialismo"},"content":{"rendered":"\n<p>Il Nazionalsocialismo in s\u00e9, \u00e8 una concezione politica che non ha niente a che vedere con il regime autoritario avvenuto nel 1933 in Germania, che \u00e8 stata una scelta politica a s\u00e9 e destinata comunque ad essere una parentesi.<\/p>\n\n\n\n<p>Questa ricerca vuole illustrare cosa il Nazionalsocialismo sia effettivamente, da una prospettiva imparziale. Lo scopo \u00e8 descrivere per cosa fosse stato originariamente concepito e non promuoverne l&#8217;ideologia.<\/p>\n\n\n\n<p>Si comincia col precisare che il Nazionalismo non \u00e8 affine al comunismo o al socialismo comunemente inteso. In realt\u00e0, il Nazionalsocialismo, era strutturato per tutelare e difendere la propriet\u00e0 privata ed era concepito in modo da creare e distribuire la ricchezza, attraverso una valorizzazione del capitale ma sempre mettendolo sotto controllo statale qualora lo stesso crescesse al punto da poter influenzare direttamente lo Stato.<\/p>\n\n\n\n<p>Questo meccanismo di salvaguardia, interveniva con la nazionalizzazione delle aziende quando queste diventavano troppo grandi, in modo da evitare che un privato cittadino potesse prendere il controllo della societ\u00e0 solo perch\u00e9 in possesso di una grande azienda.<\/p>\n\n\n\n<p>Tolto questo limite, il Nazionalsocialismo era pensato per facilitare e promuovere il commercio e l&#8217;industria privati,  contrariamente al comunismo che tendeva ad appiattire sterilmente l\u2019economia sociale, demotivando dunque l\u2019individuo dal migliorare s\u00e9 stesso ed il proprio lavoro. Queste prerogative si possono verificare leggendo l&#8217;originale Programma politico dello <a href=\"https:\/\/nsdap.world\/index.php\/il-programma-politico-in-25-punti-dello-nsdap\/\" title=\"\">NSDAP<\/a>.<\/p>\n\n\n\n<div class=\"wp-block-image\"><figure class=\"alignright size-large is-resized\"><img loading=\"lazy\" decoding=\"async\" src=\"https:\/\/nsdap.world\/wp-content\/uploads\/2022\/11\/Nazionalsocialismo-Propaganda-726x1024.jpg\" alt=\"\" class=\"wp-image-349\" width=\"388\" height=\"547\" srcset=\"https:\/\/nsdap.world\/wp-content\/uploads\/2022\/11\/Nazionalsocialismo-Propaganda-726x1024.jpg 726w, https:\/\/nsdap.world\/wp-content\/uploads\/2022\/11\/Nazionalsocialismo-Propaganda-213x300.jpg 213w, https:\/\/nsdap.world\/wp-content\/uploads\/2022\/11\/Nazionalsocialismo-Propaganda-696x982.jpg 696w, https:\/\/nsdap.world\/wp-content\/uploads\/2022\/11\/Nazionalsocialismo-Propaganda-298x420.jpg 298w, https:\/\/nsdap.world\/wp-content\/uploads\/2022\/11\/Nazionalsocialismo-Propaganda.jpg 766w\" sizes=\"auto, (max-width: 388px) 100vw, 388px\" \/><\/figure><\/div>\n\n\n\n<p>IL Nazionalsocialismo, si ispirava, ideologicamente, anche al Nazional-Patriottismo Volkisch tardo-ottocentesco di Paul de Lagarde, il quale considerava la nazione assimilabile ad un\u2019essenza spirituale, un ideale in grado di fare da collante per tutto il popolo, diventando essa stessa una sorta di religione laica, pensata per prendere consapevolezza dell\u2019orgoglio nazionale e del senso d\u2019appartenenza.<\/p>\n\n\n\n<p>il Nazionalsocialismo era effettivamente anti-parlamentare per essenza e per struttura, non riconoscendo e non applicando il principio della maggioranza, perch\u00e9, secondo il Nazionalsocialismo, il <em>leader<\/em> non poteva essere degradato a mero esecutore della volont\u00e0 altrui, in quanto sarebbe stata una contraddizione logica ancor prima che in termini.<\/p>\n\n\n\n<p>Per questo motivo, l\u2019autorit\u00e0 del capo nell\u2019avere l\u2019ultima parola non era in discussione, unita per\u00f2 alla maggiore responsabilit\u00e0 verso il popolo.<\/p>\n\n\n\n<p>Tale ideologia nasceva dalla consapevolezza che il progresso e la cultura non fossero frutto della maggioranza, bens\u00ec frutto di una cerchia ristretta di individui con capacit\u00e0 al di sopra della media, da cui poi verrebbe scelto anche il leader politico della Nazione.<\/p>\n\n\n\n<p>Secondo il Nazionalsocialismo era dunque un grave errore, quello di permettere o incoraggiare il plurilinguismo all\u2019interno di una nazione e questo era uno dei motivi per cui i nazionalsocialisti tedeschi erano cos\u00ec preoccupati di unificare i territori abitati da popolazioni di lingua tedesca.<\/p>\n\n\n\n<p>Il cuore dell\u2019ideologia nazionalsocialista albergava dunque nel concetto di Patria e orgoglio nazionale. L\u2019attenzione al tema etnico non rappresentava il centro della cultura nazionalsocialista, bens\u00ec era da considerarsi una conseguenza coerente al concetto di identit\u00e0 popolare, nazionale, dunque etnica, dal momento che era ritenuto, che le differenze etniche, nella stragrande maggioranza dei casi, impedissero la coesione sociale, tanto pi\u00f9 fossero marcate le differenze etniche stesse e tanto pi\u00f9 fosse diverso il contesto sociale e culturale di origine dello straniero immigrato.<\/p>\n\n\n\n<p>Il Nazionalsocialismo, osservato da una prospettiva attuale, \u00e8 certamente stato un tentativo di quel tempo e luogo, di impedire una serie di problematiche ancora attuali, quale l&#8217;immigrazione selvaggia, e l&#8217;arrembaggio della cosa pubblica da parte dei beneficiari di quegli interessi privati, che detengono i fondi di investimento, le banche e le multinazionali che il Nazionalsocialismo ha sempre visto come elementi di rischio per il Paese, se non tenuti sotto controllo. Per questi motivi in Germania iniziarono a battere moneta propria, neutralizzando le ingerenze dell\u2019alta finanza straniera, attraverso l\u2019organizzazione d\u2019imponenti campagne per la creazione di nuovi posti di lavoro, affiancate da politiche sociali molto decise e costanti, tanto che il Nazionalsocialismo, almeno fino alla sconfitta della Germania in guerra, risolse la drammatica piaga della disoccupazione, riorganizzando radicalmente la produzione industriale e quella contadina.<\/p>\n\n\n\n<div class=\"wp-block-image\"><figure class=\"alignleft size-large is-resized\"><img loading=\"lazy\" decoding=\"async\" src=\"https:\/\/nsdap.world\/wp-content\/uploads\/2022\/11\/Nazifascism-Propaganda-2-719x1024.jpg\" alt=\"\" class=\"wp-image-350\" width=\"305\" height=\"434\" srcset=\"https:\/\/nsdap.world\/wp-content\/uploads\/2022\/11\/Nazifascism-Propaganda-2-719x1024.jpg 719w, https:\/\/nsdap.world\/wp-content\/uploads\/2022\/11\/Nazifascism-Propaganda-2-211x300.jpg 211w, https:\/\/nsdap.world\/wp-content\/uploads\/2022\/11\/Nazifascism-Propaganda-2-768x1094.jpg 768w, https:\/\/nsdap.world\/wp-content\/uploads\/2022\/11\/Nazifascism-Propaganda-2-696x992.jpg 696w, https:\/\/nsdap.world\/wp-content\/uploads\/2022\/11\/Nazifascism-Propaganda-2-295x420.jpg 295w, https:\/\/nsdap.world\/wp-content\/uploads\/2022\/11\/Nazifascism-Propaganda-2.jpg 1024w\" sizes=\"auto, (max-width: 305px) 100vw, 305px\" \/><\/figure><\/div>\n\n\n\n<p>Questo \u00e8 lo stralcio di un discorso fatto da Adolf Hitler, parlando appunto delle plutocrazie che vedeva come entit\u00e0 parassitarie nei confronti della societ\u00e0, che riteneva fosse soggiogata attraverso il debito:<\/p>\n\n\n\n<p><em><strong>\u00abCostoro odiano lo spirito sociale della Germania! (\u2026) Questa Germania della previdenza, dell\u2019equilibrio sociale, della soppressione delle differenze di classe, la odiano! La Germania che nel corso di sette anni si \u00e8 sforzata di render possibile ai suoi cittadini una vita decorosa, essi la odiano! La Germania che ha tolto di mezzo la disoccupazione che essi, con tutte le loro ricchezze, non sono capaci di estirpare, essi la odiano! La Germania che d\u00e0 ai suoi operai abitazioni decenti \u00e8 quella che essi odiano, perch\u00e9 hanno l\u2019impressione che il loro stesso popolo potrebbe essere \u201cinfettato\u201d da questo esempio. Odiano la Germania della legislazione sociale; la Germania che celebra il 1\u00b0 Maggio quale festa dell\u2019onesto lavoro. Odiano la Germania che ha iniziato la lotta per migliorare le condizioni di esistenza. Proprio questa Germania essi odiano\u00bb<\/strong><\/em><\/p>\n\n\n\n<p>La Nazione per i Nazionalsocialisti rappresentava dunque l\u2019espressione pi\u00f9 pura dell\u2019identit\u00e0 e dell\u2019appartenenza comune d\u2019origini, di pensiero, di etnia, di storia e di cultura. I Nazionalsocialisti ritenevano che lo Stato dovesse essere al servizio del popolo per raggiungere questo obbiettivo e non il contrario.<\/p>\n\n\n\n<p><strong>Lo Stato era dunque ritenuto un mezzo del popolo per convogliare i risultati a favore della Nazione, che \u00e8 ritenuta filosoficamente ed ideologicamente superiore allo Stato stesso.<\/strong><\/p>\n\n\n\n<p>I Nazionalsocialisti del Terzo Reich scelsero ufficialmente la religione cristiana dei quattro vangeli canonici, quindi a carattere antigiudeo, ergendo Ges\u00f9 ad eroe antigiudeo e mettendo in dubbio la crocefissione e la resurrezione, concentrandosi invece sui segreti esoterici negli insegnamenti e parole di Cristo, come strumenti per ottenere il Graal.<\/p>\n\n\n\n<p>Con antigiudeismo si intendeva dunque il contrapporsi al carattere pratico e pragmatico che caratterizza invece l\u2019ebraismo conservatore, che \u00e8 tuttora la stessa prospettiva dell\u2019<em>establishment<\/em> ebraico-sionista che si pone essenzialmente come antagonista dello spiritualismo, non riconoscendo dunque, l\u2019esistenza dello Spirito o della vita dopo la morte.<\/p>\n\n\n\n<p><\/p>\n\n\n\n<div class=\"wp-block-image\"><figure class=\"aligncenter size-large is-resized\"><img loading=\"lazy\" decoding=\"async\" src=\"https:\/\/nsdap.world\/wp-content\/uploads\/2022\/11\/Gott-Mitt-Uns-Aquila-1-1024x621.png\" alt=\"\" class=\"wp-image-351\" width=\"629\" height=\"381\" srcset=\"https:\/\/nsdap.world\/wp-content\/uploads\/2022\/11\/Gott-Mitt-Uns-Aquila-1-1024x621.png 1024w, https:\/\/nsdap.world\/wp-content\/uploads\/2022\/11\/Gott-Mitt-Uns-Aquila-1-300x182.png 300w, https:\/\/nsdap.world\/wp-content\/uploads\/2022\/11\/Gott-Mitt-Uns-Aquila-1-768x466.png 768w, https:\/\/nsdap.world\/wp-content\/uploads\/2022\/11\/Gott-Mitt-Uns-Aquila-1-1536x932.png 1536w, https:\/\/nsdap.world\/wp-content\/uploads\/2022\/11\/Gott-Mitt-Uns-Aquila-1-696x422.png 696w, https:\/\/nsdap.world\/wp-content\/uploads\/2022\/11\/Gott-Mitt-Uns-Aquila-1-1068x648.png 1068w, https:\/\/nsdap.world\/wp-content\/uploads\/2022\/11\/Gott-Mitt-Uns-Aquila-1-1920x1164.png 1920w, https:\/\/nsdap.world\/wp-content\/uploads\/2022\/11\/Gott-Mitt-Uns-Aquila-1-692x420.png 692w, https:\/\/nsdap.world\/wp-content\/uploads\/2022\/11\/Gott-Mitt-Uns-Aquila-1.png 2000w\" sizes=\"auto, (max-width: 629px) 100vw, 629px\" \/><\/figure><\/div>\n","protected":false},"excerpt":{"rendered":"<p>Il Nazionalsocialismo in s\u00e9, \u00e8 una concezione politica che non ha niente a che vedere con il regime autoritario avvenuto nel 1933 in Germania, che \u00e8 stata una scelta politica a s\u00e9 e destinata comunque ad essere una parentesi. Questa ricerca vuole illustrare cosa il Nazionalsocialismo sia effettivamente, da una prospettiva imparziale. Lo scopo \u00e8 [&hellip;]<\/p>\n","protected":false},"author":2,"featured_media":0,"parent":0,"menu_order":0,"comment_status":"closed","ping_status":"closed","template":"page-pagebuilder-title.php","meta":{"footnotes":""},"class_list":["post-95","page","type-page","status-publish"],"aioseo_notices":[],"_links":{"self":[{"href":"https:\/\/nsdap.world\/index.php\/wp-json\/wp\/v2\/pages\/95","targetHints":{"allow":["GET"]}}],"collection":[{"href":"https:\/\/nsdap.world\/index.php\/wp-json\/wp\/v2\/pages"}],"about":[{"href":"https:\/\/nsdap.world\/index.php\/wp-json\/wp\/v2\/types\/page"}],"author":[{"embeddable":true,"href":"https:\/\/nsdap.world\/index.php\/wp-json\/wp\/v2\/users\/2"}],"replies":[{"embeddable":true,"href":"https:\/\/nsdap.world\/index.php\/wp-json\/wp\/v2\/comments?post=95"}],"version-history":[{"count":8,"href":"https:\/\/nsdap.world\/index.php\/wp-json\/wp\/v2\/pages\/95\/revisions"}],"predecessor-version":[{"id":816,"href":"https:\/\/nsdap.world\/index.php\/wp-json\/wp\/v2\/pages\/95\/revisions\/816"}],"wp:attachment":[{"href":"https:\/\/nsdap.world\/index.php\/wp-json\/wp\/v2\/media?parent=95"}],"curies":[{"name":"wp","href":"https:\/\/api.w.org\/{rel}","templated":true}]}}